{"id":7,"date":"2015-10-01T08:36:44","date_gmt":"2015-10-01T08:36:44","guid":{"rendered":"http:\/\/manther.de\/?page_id=7"},"modified":"2023-04-15T17:40:44","modified_gmt":"2023-04-15T15:40:44","slug":"datenschutz","status":"publish","type":"page","link":"https:\/\/manther.de\/fr\/datenschutz\/","title":{"rendered":"D\u00e9claration de confidentialit\u00e9"},"content":{"rendered":"\n<h2 class=\"wp-block-heading\"> Protection des donn\u00e9es<\/h2>\n\n\n\n<p>Les exploitants de ces pages prennent la protection de vos donn\u00e9es personnelles tr\u00e8s au s\u00e9rieux. Nous traitons vos donn\u00e9es personnelles de mani\u00e8re confidentielle et conform\u00e9ment aux dispositions l\u00e9gales en mati\u00e8re de protection des donn\u00e9es ainsi qu&#8217;\u00e0 la pr\u00e9sente d\u00e9claration de protection des donn\u00e9es.<\/p>\n\n\n\n<p>En r\u00e8gle g\u00e9n\u00e9rale, l&#8217;utilisation de notre site web est possible sans indication de donn\u00e9es personnelles. Dans la mesure o\u00f9 des donn\u00e9es personnelles (par exemple nom, adresse ou adresses e-mail) sont collect\u00e9es sur notre site, cela se fait toujours, dans la mesure du possible, sur une base volontaire. Ces donn\u00e9es ne sont pas transmises \u00e0 des tiers sans votre accord explicite.<\/p>\n\n\n\n<p>Nous attirons votre attention sur le fait que la transmission de donn\u00e9es sur Internet (par ex. lors de la communication par e-mail) peut pr\u00e9senter des failles de s\u00e9curit\u00e9. Une protection sans faille des donn\u00e9es contre l&#8217;acc\u00e8s par des tiers n&#8217;est pas possible.<\/p>\n\n\n\n<h2 class=\"wp-block-heading\">Donn\u00e9es d&#8217;acc\u00e8s<\/h2>\n\n\n\n<p>L&#8217;exploitant du site web ou le fournisseur de la page collecte des donn\u00e9es sur les acc\u00e8s \u00e0 la page et les enregistre en tant que &#8220;fichiers journaux du serveur&#8221;. Les donn\u00e9es suivantes sont ainsi consign\u00e9es :<\/p>\n\n\n\n<p>Site web visit\u00e9<br>Heure au moment de l&#8217;acc\u00e8s<br>Quantit\u00e9 de donn\u00e9es envoy\u00e9es en octets<br>Source\/renvoi \u00e0 partir duquel vous avez acc\u00e9d\u00e9 \u00e0 la page<br>Navigateur utilis\u00e9<br>Syst\u00e8me d&#8217;exploitation utilis\u00e9<br>Adresse IP utilis\u00e9e<br>Les donn\u00e9es collect\u00e9es servent uniquement \u00e0 des \u00e9valuations statistiques et \u00e0 l&#8217;am\u00e9lioration du site web. L&#8217;exploitant du site web se r\u00e9serve toutefois le droit de v\u00e9rifier ult\u00e9rieurement les fichiers journaux du serveur si des indices concrets laissent supposer une utilisation ill\u00e9gale.<\/p>\n\n\n\n<h2 class=\"wp-block-heading\">Cookies<\/h2>\n\n\n\n<p>Les pages Internet utilisent en partie des cookies. Les cookies n&#8217;endommagent pas votre ordinateur et ne contiennent pas de virus. Les cookies servent \u00e0 rendre notre offre plus conviviale, plus efficace et plus s\u00fbre. Les cookies sont de petits fichiers texte qui sont d\u00e9pos\u00e9s sur votre ordinateur et que votre navigateur enregistre.<\/p>\n\n\n\n<p>La plupart des cookies que nous utilisons sont des &#8220;cookies de session&#8221;. Ils sont automatiquement supprim\u00e9s \u00e0 la fin de votre visite. D&#8217;autres cookies restent enregistr\u00e9s sur votre terminal jusqu&#8217;\u00e0 ce que vous les supprimiez. Ces cookies nous permettent de reconna\u00eetre votre navigateur lors de votre prochaine visite.<\/p>\n\n\n\n<p>Vous pouvez configurer votre navigateur de mani\u00e8re \u00e0 \u00eatre inform\u00e9 de l&#8217;installation de cookies et \u00e0 n&#8217;autoriser les cookies qu&#8217;au cas par cas, \u00e0 exclure l&#8217;acceptation de cookies dans certains cas ou de mani\u00e8re g\u00e9n\u00e9rale, et \u00e0 activer la suppression automatique des cookies \u00e0 la fermeture du navigateur. En cas de d\u00e9sactivation des cookies, la fonctionnalit\u00e9 de ce site web peut \u00eatre limit\u00e9e.<\/p>\n\n\n\n<h2 class=\"wp-block-heading\">Traitement des donn\u00e9es de contact<\/h2>\n\n\n\n<p>Si vous prenez contact avec l&#8217;exploitant du site web par le biais des possibilit\u00e9s de contact propos\u00e9es, vos donn\u00e9es seront enregistr\u00e9es afin que nous puissions y avoir recours pour traiter et r\u00e9pondre \u00e0 votre demande. Ces donn\u00e9es ne seront pas transmises \u00e0 des tiers sans votre consentement.<\/p>\n\n\n\n<h2 class=\"wp-block-heading\">Traitement des commentaires<\/h2>\n\n\n\n<p>Ce site utilise le plugin &#8220;Remove IP&#8221;, qui emp\u00eache que votre adresse IP soit enregistr\u00e9e en relation avec vos commentaires. Cela ne se r\u00e9f\u00e8re express\u00e9ment pas aux &#8220;fichiers journaux du serveur&#8221; mentionn\u00e9s ci-dessus, mais uniquement \u00e0 l&#8217;enregistrement de l&#8217;IP en relation avec vos commentaires sur le site web.<\/p>\n\n\n\n<p>Afin d&#8217;\u00e9viter tout abus de la fonction de commentaire, tous les commentaires sont v\u00e9rifi\u00e9s par nos soins avant d&#8217;\u00eatre valid\u00e9s manuellement.<\/p>\n\n\n\n<h2 class=\"wp-block-heading\">Abonnements<\/h2>\n\n\n\n<p>Vous avez la possibilit\u00e9 de vous abonner \u00e0 la fois \u00e0 l&#8217;ensemble du site et aux commentaires sous forme de flux. Pour ce faire, vous n&#8217;avez pas besoin de laisser une adresse e-mail, il vous suffit d&#8217;ajouter un signet au flux dans votre navigateur.<\/p>\n\n\n\n<h2 class=\"wp-block-heading\">Google Fonts<\/h2>\n\n\n\n<p>Nous renon\u00e7ons actuellement \u00e0 l&#8217;utilisation de Google Fonts tant que la question de savoir comment les utiliser en conformit\u00e9 avec le RGPD n&#8217;a pas \u00e9t\u00e9 clarifi\u00e9e.<\/p>\n\n\n\n<h2 class=\"wp-block-heading\">Droits de l&#8217;utilisateur : information, rectification et suppression<\/h2>\n\n\n\n<p>En tant qu&#8217;utilisateur, vous pouvez obtenir gratuitement, sur demande de votre part, des informations sur les donn\u00e9es \u00e0 caract\u00e8re personnel vous concernant qui ont \u00e9t\u00e9 enregistr\u00e9es. Dans la mesure o\u00f9 votre demande n&#8217;entre pas en conflit avec une obligation l\u00e9gale de conservation des donn\u00e9es (par exemple la conservation des donn\u00e9es), vous avez le droit de faire corriger les donn\u00e9es erron\u00e9es et de faire bloquer ou supprimer vos donn\u00e9es personnelles.<\/p>\n\n\n\n<h2 class=\"wp-block-heading\">Opposition aux e-mails publicitaires<\/h2>\n\n\n\n<p>L&#8217;utilisation des donn\u00e9es de contact publi\u00e9es dans le cadre des mentions l\u00e9gales obligatoires pour l&#8217;envoi de publicit\u00e9 et de mat\u00e9riel d&#8217;information non express\u00e9ment demand\u00e9s est ici interdite. Les exploitants des pages se r\u00e9servent express\u00e9ment le droit d&#8217;engager des poursuites judiciaires en cas d&#8217;envoi non sollicit\u00e9 d&#8217;informations publicitaires, par exemple par le biais de spams.<\/p>\n","protected":false},"excerpt":{"rendered":"<p>Protection des donn\u00e9es Les exploitants de ces pages prennent la protection de vos donn\u00e9es personnelles tr\u00e8s au s\u00e9rieux. Nous traitons vos donn\u00e9es personnelles de mani\u00e8re confidentielle et conform\u00e9ment aux dispositions l\u00e9gales en mati\u00e8re de protection des donn\u00e9es ainsi qu&#8217;\u00e0 la pr\u00e9sente d\u00e9claration de protection des donn\u00e9es. En r\u00e8gle g\u00e9n\u00e9rale, l&#8217;utilisation de notre site web est &hellip; <a href=\"https:\/\/manther.de\/fr\/datenschutz\/\" class=\"more-link\">Continuer la lecture de <span class=\"screen-reader-text\">D\u00e9claration de confidentialit\u00e9<\/span>  <span class=\"meta-nav\">&rarr;<\/span><\/a><\/p>\n","protected":false},"author":2,"featured_media":0,"parent":0,"menu_order":0,"comment_status":"closed","ping_status":"closed","template":"","meta":{"_FSMCFIC_featured_image_caption":"","_FSMCFIC_featured_image_nocaption":"","_FSMCFIC_featured_image_hide":"","footnotes":""},"class_list":["post-7","page","type-page","status-publish","hentry"],"translation":{"provider":"WPGlobus","version":"3.0.2","language":"fr","enabled_languages":["de","en","fr"],"languages":{"de":{"title":true,"content":true,"excerpt":false},"en":{"title":true,"content":true,"excerpt":false},"fr":{"title":true,"content":true,"excerpt":false}}},"yoast_head":"<!-- This site is optimized with the Yoast SEO Premium plugin v27.4 (Yoast SEO v27.4) - https:\/\/yoast.com\/product\/yoast-seo-premium-wordpress\/ -->\n<title>D\u00e9claration de confidentialit\u00e9 - manther<\/title>\n<meta name=\"robots\" content=\"index, follow, max-snippet:-1, max-image-preview:large, max-video-preview:-1\" \/>\n<link rel=\"canonical\" href=\"https:\/\/manther.de\/datenschutz\/\" \/>\n<meta property=\"og:locale\" content=\"fr_FR\" \/>\n<meta property=\"og:type\" content=\"article\" \/>\n<meta property=\"og:title\" content=\"D\u00e9claration de confidentialit\u00e9 - manther\" \/>\n<meta property=\"og:url\" content=\"https:\/\/manther.de\/datenschutz\/\" \/>\n<meta property=\"og:site_name\" content=\"manther\" \/>\n<meta property=\"article:publisher\" content=\"https:\/\/www.facebook.com\/mantherhh\/\" \/>\n<meta property=\"article:modified_time\" content=\"2023-04-15T15:40:44+00:00\" \/>\n<meta name=\"twitter:card\" content=\"summary_large_image\" \/>\n<meta name=\"twitter:site\" content=\"@Sandra_Manther\" \/>\n<meta name=\"twitter:label1\" content=\"Dur\u00e9e de lecture estim\u00e9e\" \/>\n\t<meta name=\"twitter:data1\" content=\"5 minutes\" \/>\n<script type=\"application\/ld+json\" class=\"yoast-schema-graph\">{\"@context\":\"https:\\\/\\\/schema.org\",\"@graph\":[{\"@type\":\"WebPage\",\"@id\":\"https:\\\/\\\/manther.de\\\/datenschutz\\\/\",\"url\":\"https:\\\/\\\/manther.de\\\/datenschutz\\\/\",\"name\":\"D\u00e9claration de confidentialit\u00e9 - manther\",\"isPartOf\":{\"@id\":\"https:\\\/\\\/manther.de\\\/#website\"},\"datePublished\":\"2015-10-01T08:36:44+00:00\",\"dateModified\":\"2023-04-15T15:40:44+00:00\",\"breadcrumb\":{\"@id\":\"https:\\\/\\\/manther.de\\\/datenschutz\\\/#breadcrumb\"},\"inLanguage\":\"fr-FR\",\"potentialAction\":[{\"@type\":\"ReadAction\",\"target\":[\"https:\\\/\\\/manther.de\\\/datenschutz\\\/\"]}]},{\"@type\":\"BreadcrumbList\",\"@id\":\"https:\\\/\\\/manther.de\\\/datenschutz\\\/#breadcrumb\",\"itemListElement\":[{\"@type\":\"ListItem\",\"position\":1,\"name\":\"Home\",\"item\":\"https:\\\/\\\/manther.de\\\/\"},{\"@type\":\"ListItem\",\"position\":2,\"name\":\"Datenschutz\"}]},{\"@type\":\"WebSite\",\"@id\":\"https:\\\/\\\/manther.de\\\/#website\",\"url\":\"https:\\\/\\\/manther.de\\\/\",\"name\":\"manther\",\"description\":\"le magazine de Creative Writing pour la litt\u00e9rature \u00e9rotique\",\"publisher\":{\"@id\":\"https:\\\/\\\/manther.de\\\/#\\\/schema\\\/person\\\/5d0a51ad8607f193a3e54080c7286894\"},\"potentialAction\":[{\"@type\":\"SearchAction\",\"target\":{\"@type\":\"EntryPoint\",\"urlTemplate\":\"https:\\\/\\\/manther.de\\\/?s={search_term_string}\"},\"query-input\":{\"@type\":\"PropertyValueSpecification\",\"valueRequired\":true,\"valueName\":\"search_term_string\"}}],\"inLanguage\":\"fr-FR\"},{\"@type\":[\"Person\",\"Organization\"],\"@id\":\"https:\\\/\\\/manther.de\\\/#\\\/schema\\\/person\\\/5d0a51ad8607f193a3e54080c7286894\",\"name\":\"Sandra Manther\",\"logo\":{\"@id\":\"https:\\\/\\\/manther.de\\\/#\\\/schema\\\/person\\\/image\\\/\"},\"description\":\"Geboren 1981 in Krefeld. Studierte Mediendesign an der hdpk Berlin. Der Liebe wegen ging sie nach Hamburg, wo sie heute als Webdesgnerin in einer bekannten Werbeagentur arbeitet. Sie lebt mit ihrem Mann Marc und den Katzen Mandu und Tharsis in einem Haus im Westen der Stadt.\",\"sameAs\":[\"https:\\\/\\\/www.facebook.com\\\/mantherhh\\\/\",\"https:\\\/\\\/www.pinterest.de\\\/sandramanther\\\/\",\"https:\\\/\\\/x.com\\\/Sandra_Manther\",\"https:\\\/\\\/www.tumblr.com\\\/gamma-xi-delta\"]}]}<\/script>\n<!-- \/ Yoast SEO Premium plugin. -->","yoast_head_json":{"title":"D\u00e9claration de confidentialit\u00e9 - manther","robots":{"index":"index","follow":"follow","max-snippet":"max-snippet:-1","max-image-preview":"max-image-preview:large","max-video-preview":"max-video-preview:-1"},"canonical":"https:\/\/manther.de\/datenschutz\/","og_locale":"fr_FR","og_type":"article","og_title":"D\u00e9claration de confidentialit\u00e9 - manther","og_url":"https:\/\/manther.de\/datenschutz\/","og_site_name":"manther","article_publisher":"https:\/\/www.facebook.com\/mantherhh\/","article_modified_time":"2023-04-15T15:40:44+00:00","twitter_card":"summary_large_image","twitter_site":"@Sandra_Manther","twitter_misc":{"Dur\u00e9e de lecture estim\u00e9e":"5 minutes"},"schema":{"@context":"https:\/\/schema.org","@graph":[{"@type":"WebPage","@id":"https:\/\/manther.de\/datenschutz\/","url":"https:\/\/manther.de\/datenschutz\/","name":"D\u00e9claration de confidentialit\u00e9 - manther","isPartOf":{"@id":"https:\/\/manther.de\/#website"},"datePublished":"2015-10-01T08:36:44+00:00","dateModified":"2023-04-15T15:40:44+00:00","breadcrumb":{"@id":"https:\/\/manther.de\/datenschutz\/#breadcrumb"},"inLanguage":"fr-FR","potentialAction":[{"@type":"ReadAction","target":["https:\/\/manther.de\/datenschutz\/"]}]},{"@type":"BreadcrumbList","@id":"https:\/\/manther.de\/datenschutz\/#breadcrumb","itemListElement":[{"@type":"ListItem","position":1,"name":"Home","item":"https:\/\/manther.de\/"},{"@type":"ListItem","position":2,"name":"Datenschutz"}]},{"@type":"WebSite","@id":"https:\/\/manther.de\/#website","url":"https:\/\/manther.de\/","name":"manther","description":"le magazine de Creative Writing pour la litt\u00e9rature \u00e9rotique","publisher":{"@id":"https:\/\/manther.de\/#\/schema\/person\/5d0a51ad8607f193a3e54080c7286894"},"potentialAction":[{"@type":"SearchAction","target":{"@type":"EntryPoint","urlTemplate":"https:\/\/manther.de\/?s={search_term_string}"},"query-input":{"@type":"PropertyValueSpecification","valueRequired":true,"valueName":"search_term_string"}}],"inLanguage":"fr-FR"},{"@type":["Person","Organization"],"@id":"https:\/\/manther.de\/#\/schema\/person\/5d0a51ad8607f193a3e54080c7286894","name":"Sandra Manther","logo":{"@id":"https:\/\/manther.de\/#\/schema\/person\/image\/"},"description":"Geboren 1981 in Krefeld. Studierte Mediendesign an der hdpk Berlin. Der Liebe wegen ging sie nach Hamburg, wo sie heute als Webdesgnerin in einer bekannten Werbeagentur arbeitet. Sie lebt mit ihrem Mann Marc und den Katzen Mandu und Tharsis in einem Haus im Westen der Stadt.","sameAs":["https:\/\/www.facebook.com\/mantherhh\/","https:\/\/www.pinterest.de\/sandramanther\/","https:\/\/x.com\/Sandra_Manther","https:\/\/www.tumblr.com\/gamma-xi-delta"]}]}},"_links":{"self":[{"href":"https:\/\/manther.de\/fr\/wp-json\/wp\/v2\/pages\/7","targetHints":{"allow":["GET"]}}],"collection":[{"href":"https:\/\/manther.de\/fr\/wp-json\/wp\/v2\/pages"}],"about":[{"href":"https:\/\/manther.de\/fr\/wp-json\/wp\/v2\/types\/page"}],"author":[{"embeddable":true,"href":"https:\/\/manther.de\/fr\/wp-json\/wp\/v2\/users\/2"}],"replies":[{"embeddable":true,"href":"https:\/\/manther.de\/fr\/wp-json\/wp\/v2\/comments?post=7"}],"version-history":[{"count":7,"href":"https:\/\/manther.de\/fr\/wp-json\/wp\/v2\/pages\/7\/revisions"}],"predecessor-version":[{"id":2585,"href":"https:\/\/manther.de\/fr\/wp-json\/wp\/v2\/pages\/7\/revisions\/2585"}],"wp:attachment":[{"href":"https:\/\/manther.de\/fr\/wp-json\/wp\/v2\/media?parent=7"}],"curies":[{"name":"wp","href":"https:\/\/api.w.org\/{rel}","templated":true}]}}