{"id":44,"date":"2015-10-03T12:28:47","date_gmt":"2015-10-03T12:28:47","guid":{"rendered":"http:\/\/manther.de\/?page_id=44"},"modified":"2023-04-15T17:31:57","modified_gmt":"2023-04-15T15:31:57","slug":"ueber-uns","status":"publish","type":"page","link":"https:\/\/manther.de\/fr\/ueber-uns\/","title":{"rendered":"\u00c0 propose de nous"},"content":{"rendered":"<p><img loading=\"lazy\" decoding=\"async\" class=\"alignleft wp-image-596\" src=\"http:\/\/manther.de\/wp-content\/uploads\/2017\/01\/sandra2-e1492967093157.jpg\" alt=\"Sandra\" width=\"107\" height=\"107\" srcset=\"https:\/\/manther.de\/wp-content\/uploads\/2017\/01\/sandra2-e1492967093157.jpg 224w, https:\/\/manther.de\/wp-content\/uploads\/2017\/01\/sandra2-e1492967093157-150x150.jpg 150w\" sizes=\"auto, (max-width: 107px) 100vw, 107px\" \/>Sandra Manther : est n\u00e9e et a grandi \u00e0 Krefeld. A \u00e9tudi\u00e9 le design des m\u00e9dias \u00e0 la hdpk de Berlin. Par amour, elle est partie \u00e0 Hambourg, o\u00f9 elle travaille aujourd&#8217;hui en tant qu&#8217;acheteur d&#8217;art dans une c\u00e9l\u00e8bre agence de publicit\u00e9.<\/p>\n<p><img loading=\"lazy\" decoding=\"async\" class=\"alignleft wp-image-645\" src=\"http:\/\/manther.de\/wp-content\/uploads\/2015\/10\/marc-avatar2.jpg\" alt=\"Marc Avatar\" width=\"107\" height=\"104\">Marc Manther : n\u00e9 et \u00e9lev\u00e9 \u00e0 Bredstedt, dans le nord de la Frise. \u00c9tudes d&#8217;informatique \u00e0 la CAU de Kiel. Travaille dans le d\u00e9veloppement de logiciels.<\/p>\n<p>Ils vivent aujourd&#8217;hui avec leurs chats Mandu et Tharsis dans une maison \u00e0 l&#8217;ouest de Hambourg.<\/p>\n<p>Comme ils ont en commun, entre autres, leur int\u00e9r\u00eat pour la litt\u00e9rature \u00e9rotique, ils ont commenc\u00e9 \u00e0 r\u00e9diger leurs propres textes et \u00e0 se les lire mutuellement. C&#8217;est ainsi que sont n\u00e9es les premi\u00e8res histoires qu&#8217;elles retravaillent peu \u00e0 peu en vue de leur publication.<\/p>\n<p>Entre-temps, l&#8217;int\u00e9r\u00eat de Sandra pour les histoires New Adult a \u00e9galement contamin\u00e9 Marc. Alors qu&#8217;elle lance sa premi\u00e8re s\u00e9rie NA sur la vie de quelques \u00e9tudiantes \u00e0 Hambourg-Harvestehude avec &#8220;<a title=\"Cliquez ici pour acc\u00e9der \u00e0 la s\u00e9rie NA actuelle sur amazon.de !\" href=\"http:\/\/amzn.to\/2msvoZc\" target=\"_blank\" rel=\"noopener noreferrer\">Sority vom Jungfrauenthal<\/a>&#8220;, il travaille avec &#8220;<a title=\"Cliquez ici pour acc\u00e9der \u00e0 la s\u00e9rie NA actuelle sur amazon. de !\" href=\"http:\/\/amzn.to\/2DsVkfw\" target=\"_blank\" rel=\"noopener noreferrer\">Erotic Actress Talent Search<\/a>&#8221; \u00e0 une s\u00e9rie de NA sur le th\u00e8me des m\u00e9dias.<\/p>\n<p>Cependant, ils ont tous les deux une activit\u00e9 professionnelle r\u00e9guli\u00e8re, ce qui fait que leur temps est un peu limit\u00e9. D&#8217;autant plus qu&#8217;en parall\u00e8le, ils participent un peu \u00e0 la douceur de vivre.<\/p>\n<p>Les <strong>photos<\/strong> de nous <strong>sur ce site web<\/strong> proviennent toutes de photographes professionnels. Celles de Sandra&nbsp; ; ont \u00e9t\u00e9 prises par l&#8217;\u00e9quipe cr\u00e9ative de <a href=\"http:\/\/gpointstudio.pl\/en\/home-page\/\">gpointstudio<\/a>, celles de Marc par les non moins bonnes personnes de <a href=\"http:\/\/www.monkeybusinessimages.com\/\">Monkey Business Images<\/a>.<\/p>\n","protected":false},"excerpt":{"rendered":"<p>Sandra Manther : est n\u00e9e et a grandi \u00e0 Krefeld. A \u00e9tudi\u00e9 le design des m\u00e9dias \u00e0 la hdpk de Berlin. Par amour, elle est partie \u00e0 Hambourg, o\u00f9 elle travaille aujourd&#8217;hui en tant qu&#8217;acheteur d&#8217;art dans une c\u00e9l\u00e8bre agence de publicit\u00e9. Marc Manther : n\u00e9 et \u00e9lev\u00e9 \u00e0 Bredstedt, dans le nord de la &hellip; <a href=\"https:\/\/manther.de\/fr\/ueber-uns\/\" class=\"more-link\">Continuer la lecture de <span class=\"screen-reader-text\">\u00c0 propose de nous<\/span>  <span class=\"meta-nav\">&rarr;<\/span><\/a><\/p>\n","protected":false},"author":2,"featured_media":0,"parent":0,"menu_order":0,"comment_status":"closed","ping_status":"closed","template":"","meta":{"_FSMCFIC_featured_image_caption":"","_FSMCFIC_featured_image_nocaption":"","_FSMCFIC_featured_image_hide":"","footnotes":""},"class_list":["post-44","page","type-page","status-publish","hentry"],"translation":{"provider":"WPGlobus","version":"3.0.2","language":"fr","enabled_languages":["de","en","fr"],"languages":{"de":{"title":true,"content":true,"excerpt":false},"en":{"title":true,"content":true,"excerpt":false},"fr":{"title":true,"content":true,"excerpt":false}}},"yoast_head":"<!-- This site is optimized with the Yoast SEO Premium plugin v27.4 (Yoast SEO v27.4) - https:\/\/yoast.com\/product\/yoast-seo-premium-wordpress\/ -->\n<title>\u00c0 propose de nous - manther<\/title>\n<meta name=\"robots\" content=\"index, follow, max-snippet:-1, max-image-preview:large, max-video-preview:-1\" \/>\n<link rel=\"canonical\" href=\"https:\/\/manther.de\/ueber-uns\/\" \/>\n<meta property=\"og:locale\" content=\"fr_FR\" \/>\n<meta property=\"og:type\" content=\"article\" \/>\n<meta property=\"og:title\" content=\"\u00c0 propose de nous - manther\" \/>\n<meta property=\"og:url\" content=\"https:\/\/manther.de\/ueber-uns\/\" \/>\n<meta property=\"og:site_name\" content=\"manther\" \/>\n<meta property=\"article:publisher\" content=\"https:\/\/www.facebook.com\/mantherhh\/\" \/>\n<meta property=\"article:modified_time\" content=\"2023-04-15T15:31:57+00:00\" \/>\n<meta property=\"og:image\" content=\"http:\/\/manther.de\/wp-content\/uploads\/2017\/01\/sandra2-e1492967093157.jpg\" \/>\n<meta name=\"twitter:card\" content=\"summary_large_image\" \/>\n<meta name=\"twitter:site\" content=\"@Sandra_Manther\" \/>\n<meta name=\"twitter:label1\" content=\"Dur\u00e9e de lecture estim\u00e9e\" \/>\n\t<meta name=\"twitter:data1\" content=\"2 minutes\" \/>\n<script type=\"application\/ld+json\" class=\"yoast-schema-graph\">{\"@context\":\"https:\\\/\\\/schema.org\",\"@graph\":[{\"@type\":\"WebPage\",\"@id\":\"https:\\\/\\\/manther.de\\\/ueber-uns\\\/\",\"url\":\"https:\\\/\\\/manther.de\\\/ueber-uns\\\/\",\"name\":\"\u00c0 propose de nous - manther\",\"isPartOf\":{\"@id\":\"https:\\\/\\\/manther.de\\\/#website\"},\"primaryImageOfPage\":{\"@id\":\"https:\\\/\\\/manther.de\\\/ueber-uns\\\/#primaryimage\"},\"image\":{\"@id\":\"https:\\\/\\\/manther.de\\\/ueber-uns\\\/#primaryimage\"},\"thumbnailUrl\":\"http:\\\/\\\/manther.de\\\/wp-content\\\/uploads\\\/2017\\\/01\\\/sandra2-e1492967093157.jpg\",\"datePublished\":\"2015-10-03T12:28:47+00:00\",\"dateModified\":\"2023-04-15T15:31:57+00:00\",\"breadcrumb\":{\"@id\":\"https:\\\/\\\/manther.de\\\/ueber-uns\\\/#breadcrumb\"},\"inLanguage\":\"fr-FR\",\"potentialAction\":[{\"@type\":\"ReadAction\",\"target\":[\"https:\\\/\\\/manther.de\\\/ueber-uns\\\/\"]}]},{\"@type\":\"ImageObject\",\"inLanguage\":\"fr-FR\",\"@id\":\"https:\\\/\\\/manther.de\\\/ueber-uns\\\/#primaryimage\",\"url\":\"http:\\\/\\\/manther.de\\\/wp-content\\\/uploads\\\/2017\\\/01\\\/sandra2-e1492967093157.jpg\",\"contentUrl\":\"http:\\\/\\\/manther.de\\\/wp-content\\\/uploads\\\/2017\\\/01\\\/sandra2-e1492967093157.jpg\"},{\"@type\":\"BreadcrumbList\",\"@id\":\"https:\\\/\\\/manther.de\\\/ueber-uns\\\/#breadcrumb\",\"itemListElement\":[{\"@type\":\"ListItem\",\"position\":1,\"name\":\"Home\",\"item\":\"https:\\\/\\\/manther.de\\\/\"},{\"@type\":\"ListItem\",\"position\":2,\"name\":\"\u00dcber uns\"}]},{\"@type\":\"WebSite\",\"@id\":\"https:\\\/\\\/manther.de\\\/#website\",\"url\":\"https:\\\/\\\/manther.de\\\/\",\"name\":\"manther\",\"description\":\"le magazine de Creative Writing pour la litt\u00e9rature \u00e9rotique\",\"publisher\":{\"@id\":\"https:\\\/\\\/manther.de\\\/#\\\/schema\\\/person\\\/5d0a51ad8607f193a3e54080c7286894\"},\"potentialAction\":[{\"@type\":\"SearchAction\",\"target\":{\"@type\":\"EntryPoint\",\"urlTemplate\":\"https:\\\/\\\/manther.de\\\/?s={search_term_string}\"},\"query-input\":{\"@type\":\"PropertyValueSpecification\",\"valueRequired\":true,\"valueName\":\"search_term_string\"}}],\"inLanguage\":\"fr-FR\"},{\"@type\":[\"Person\",\"Organization\"],\"@id\":\"https:\\\/\\\/manther.de\\\/#\\\/schema\\\/person\\\/5d0a51ad8607f193a3e54080c7286894\",\"name\":\"Sandra Manther\",\"logo\":{\"@id\":\"https:\\\/\\\/manther.de\\\/#\\\/schema\\\/person\\\/image\\\/\"},\"description\":\"Geboren 1981 in Krefeld. Studierte Mediendesign an der hdpk Berlin. Der Liebe wegen ging sie nach Hamburg, wo sie heute als Webdesgnerin in einer bekannten Werbeagentur arbeitet. Sie lebt mit ihrem Mann Marc und den Katzen Mandu und Tharsis in einem Haus im Westen der Stadt.\",\"sameAs\":[\"https:\\\/\\\/www.facebook.com\\\/mantherhh\\\/\",\"https:\\\/\\\/www.pinterest.de\\\/sandramanther\\\/\",\"https:\\\/\\\/x.com\\\/Sandra_Manther\",\"https:\\\/\\\/www.tumblr.com\\\/gamma-xi-delta\"]}]}<\/script>\n<!-- \/ Yoast SEO Premium plugin. -->","yoast_head_json":{"title":"\u00c0 propose de nous - manther","robots":{"index":"index","follow":"follow","max-snippet":"max-snippet:-1","max-image-preview":"max-image-preview:large","max-video-preview":"max-video-preview:-1"},"canonical":"https:\/\/manther.de\/ueber-uns\/","og_locale":"fr_FR","og_type":"article","og_title":"\u00c0 propose de nous - manther","og_url":"https:\/\/manther.de\/ueber-uns\/","og_site_name":"manther","article_publisher":"https:\/\/www.facebook.com\/mantherhh\/","article_modified_time":"2023-04-15T15:31:57+00:00","og_image":[{"url":"http:\/\/manther.de\/wp-content\/uploads\/2017\/01\/sandra2-e1492967093157.jpg","type":"","width":"","height":""}],"twitter_card":"summary_large_image","twitter_site":"@Sandra_Manther","twitter_misc":{"Dur\u00e9e de lecture estim\u00e9e":"2 minutes"},"schema":{"@context":"https:\/\/schema.org","@graph":[{"@type":"WebPage","@id":"https:\/\/manther.de\/ueber-uns\/","url":"https:\/\/manther.de\/ueber-uns\/","name":"\u00c0 propose de nous - manther","isPartOf":{"@id":"https:\/\/manther.de\/#website"},"primaryImageOfPage":{"@id":"https:\/\/manther.de\/ueber-uns\/#primaryimage"},"image":{"@id":"https:\/\/manther.de\/ueber-uns\/#primaryimage"},"thumbnailUrl":"http:\/\/manther.de\/wp-content\/uploads\/2017\/01\/sandra2-e1492967093157.jpg","datePublished":"2015-10-03T12:28:47+00:00","dateModified":"2023-04-15T15:31:57+00:00","breadcrumb":{"@id":"https:\/\/manther.de\/ueber-uns\/#breadcrumb"},"inLanguage":"fr-FR","potentialAction":[{"@type":"ReadAction","target":["https:\/\/manther.de\/ueber-uns\/"]}]},{"@type":"ImageObject","inLanguage":"fr-FR","@id":"https:\/\/manther.de\/ueber-uns\/#primaryimage","url":"http:\/\/manther.de\/wp-content\/uploads\/2017\/01\/sandra2-e1492967093157.jpg","contentUrl":"http:\/\/manther.de\/wp-content\/uploads\/2017\/01\/sandra2-e1492967093157.jpg"},{"@type":"BreadcrumbList","@id":"https:\/\/manther.de\/ueber-uns\/#breadcrumb","itemListElement":[{"@type":"ListItem","position":1,"name":"Home","item":"https:\/\/manther.de\/"},{"@type":"ListItem","position":2,"name":"\u00dcber uns"}]},{"@type":"WebSite","@id":"https:\/\/manther.de\/#website","url":"https:\/\/manther.de\/","name":"manther","description":"le magazine de Creative Writing pour la litt\u00e9rature \u00e9rotique","publisher":{"@id":"https:\/\/manther.de\/#\/schema\/person\/5d0a51ad8607f193a3e54080c7286894"},"potentialAction":[{"@type":"SearchAction","target":{"@type":"EntryPoint","urlTemplate":"https:\/\/manther.de\/?s={search_term_string}"},"query-input":{"@type":"PropertyValueSpecification","valueRequired":true,"valueName":"search_term_string"}}],"inLanguage":"fr-FR"},{"@type":["Person","Organization"],"@id":"https:\/\/manther.de\/#\/schema\/person\/5d0a51ad8607f193a3e54080c7286894","name":"Sandra Manther","logo":{"@id":"https:\/\/manther.de\/#\/schema\/person\/image\/"},"description":"Geboren 1981 in Krefeld. Studierte Mediendesign an der hdpk Berlin. Der Liebe wegen ging sie nach Hamburg, wo sie heute als Webdesgnerin in einer bekannten Werbeagentur arbeitet. Sie lebt mit ihrem Mann Marc und den Katzen Mandu und Tharsis in einem Haus im Westen der Stadt.","sameAs":["https:\/\/www.facebook.com\/mantherhh\/","https:\/\/www.pinterest.de\/sandramanther\/","https:\/\/x.com\/Sandra_Manther","https:\/\/www.tumblr.com\/gamma-xi-delta"]}]}},"_links":{"self":[{"href":"https:\/\/manther.de\/fr\/wp-json\/wp\/v2\/pages\/44","targetHints":{"allow":["GET"]}}],"collection":[{"href":"https:\/\/manther.de\/fr\/wp-json\/wp\/v2\/pages"}],"about":[{"href":"https:\/\/manther.de\/fr\/wp-json\/wp\/v2\/types\/page"}],"author":[{"embeddable":true,"href":"https:\/\/manther.de\/fr\/wp-json\/wp\/v2\/users\/2"}],"replies":[{"embeddable":true,"href":"https:\/\/manther.de\/fr\/wp-json\/wp\/v2\/comments?post=44"}],"version-history":[{"count":44,"href":"https:\/\/manther.de\/fr\/wp-json\/wp\/v2\/pages\/44\/revisions"}],"predecessor-version":[{"id":2581,"href":"https:\/\/manther.de\/fr\/wp-json\/wp\/v2\/pages\/44\/revisions\/2581"}],"wp:attachment":[{"href":"https:\/\/manther.de\/fr\/wp-json\/wp\/v2\/media?parent=44"}],"curies":[{"name":"wp","href":"https:\/\/api.w.org\/{rel}","templated":true}]}}