{"id":4,"date":"2015-10-01T08:35:07","date_gmt":"2015-10-01T08:35:07","guid":{"rendered":"http:\/\/manther.de\/?page_id=4"},"modified":"2026-04-07T21:27:12","modified_gmt":"2026-04-07T19:27:12","slug":"impressum","status":"publish","type":"page","link":"https:\/\/manther.de\/fr\/mentions-legales\/","title":{"rendered":"Mentions l\u00e9gales"},"content":{"rendered":"\n<h2 class=\"wp-block-heading\" id=\"h-informations-conformement-au-5-de-la-loi-allemande-sur-les-medias-electroniques-tmg\">Informations conform\u00e9ment au \u00a7 5 de la loi allemande sur les m\u00e9dias \u00e9lectroniques (TMG) :<\/h2>\n\n\n\n<p>Shakespeare and more<br> C\/o Norbert Kr\u00fcger<br> Triftstra\u00dfe 9<br> D-21075 Hamburg<\/p>\n\n\n\n<h2 class=\"wp-block-heading\" id=\"h-contact\">Contact :<\/h2>\n\n\n\n<figure class=\"wp-block-table\"><table class=\"has-fixed-layout\"><tbody><tr><td>T\u00e9l\u00e9phone:<\/td><td>T\u00e9l\u00e9phone : 004940\/3909252<\/td><\/tr><tr><td>E-Mail:<\/td><td>me@norbert-krueger.com<\/td><\/tr><\/tbody><\/table><\/figure>\n\n\n\n<h2 class=\"wp-block-heading\" id=\"h-responsable-du-contenu-conformement-a-l-article-55-paragraphe-2-du-rstv-traite-d-etat-allemand-sur-la-radiodiffusion\">Responsable du contenu conform\u00e9ment \u00e0 l&#8217;article 55, paragraphe 2 du RStV (Trait\u00e9 d&#8217;\u00c9tat allemand sur la radiodiffusion) :<\/h2>\n\n\n\n<p>Sandra et Marc Manther<br>\nAdresse voir ci-dessus.<\/p>\n\n\n\n<h1 class=\"wp-block-heading\" id=\"h-avis-de-non-responsabilite-disclaimer\">Avis de non-responsabilit\u00e9 (disclaimer)<\/h1>\n\n\n\n<p><strong>Responsabilit\u00e9 pour le contenu<\/strong><\/p>\n\n\n\n<p>En tant que prestataire de services, nous sommes responsables, conform\u00e9ment au \u00a7 7 alin\u00e9a 1 de la loi allemande sur les t\u00e9l\u00e9m\u00e9dias (TMG), de nos propres contenus sur ces pages selon les lois g\u00e9n\u00e9rales. Conform\u00e9ment aux \u00a7\u00a7 8 \u00e0 10 de la TMG, nous ne sommes toutefois pas tenus, en tant que prestataire de services, de surveiller les informations externes transmises ou enregistr\u00e9es ou de rechercher les circonstances qui indiquent une activit\u00e9 ill\u00e9gale. Les obligations de supprimer ou de bloquer l&#8217;utilisation d&#8217;informations conform\u00e9ment aux lois g\u00e9n\u00e9rales ne sont pas affect\u00e9es par cette disposition. Une responsabilit\u00e9 \u00e0 cet \u00e9gard n&#8217;est toutefois possible qu&#8217;\u00e0 partir du moment o\u00f9 une violation concr\u00e8te de la loi est connue. D\u00e8s la prise de connaissance d&#8217;une telle violation, nous supprimerons imm\u00e9diatement les contenus concern\u00e9s.<\/p>\n\n\n\n<p><strong>Responsabilit\u00e9 concernant les liens<\/strong><\/p>\n\n\n\n<p>Notre offre contient des liens vers des sites web externes de tiers, sur le contenu desquels nous n&#8217;avons aucune influence. C&#8217;est pourquoi nous ne pouvons pas non plus nous porter garants de ces contenus externes. Le fournisseur ou l&#8217;exploitant des pages li\u00e9es est toujours responsable de leur contenu. Les pages li\u00e9es ont \u00e9t\u00e9 contr\u00f4l\u00e9es au moment de la cr\u00e9ation du lien afin de v\u00e9rifier qu&#8217;elles ne pr\u00e9sentaient pas d&#8217;infraction \u00e0 la loi. Aucun contenu ill\u00e9gal n&#8217;a \u00e9t\u00e9 identifi\u00e9 au moment de la cr\u00e9ation du lien. Un contr\u00f4le permanent du contenu des pages li\u00e9es n&#8217;est toutefois pas exigible sans indices concrets d&#8217;une violation de la loi. D\u00e8s que nous aurons connaissance d&#8217;une violation de la loi, nous supprimerons imm\u00e9diatement les liens concern\u00e9s.<\/p>\n\n\n\n<p><strong>Droit d&#8217;auteur<\/strong><\/p>\n\n\n\n<p>Les contenus et \u0153uvres cr\u00e9\u00e9s par les exploitants du site sur ces pages sont soumis au droit d&#8217;auteur allemand. La reproduction, le traitement, la diffusion et toute forme d&#8217;exploitation en dehors des limites du droit d&#8217;auteur requi\u00e8rent l&#8217;accord \u00e9crit de l&#8217;auteur ou du cr\u00e9ateur concern\u00e9. Les t\u00e9l\u00e9chargements et les copies de ce site ne sont autoris\u00e9s que pour un usage priv\u00e9 et non commercial. Dans la mesure o\u00f9 les contenus de ce site n&#8217;ont pas \u00e9t\u00e9 cr\u00e9\u00e9s par l&#8217;exploitant, les droits d&#8217;auteur de tiers sont respect\u00e9s. Les contenus de tiers sont notamment identifi\u00e9s comme tels. Si vous deviez n\u00e9anmoins constater une violation des droits d&#8217;auteur, nous vous prions de nous en informer. D\u00e8s la prise de connaissance d&#8217;une violation de la loi, nous supprimerons imm\u00e9diatement les contenus concern\u00e9s.<\/p>\n","protected":false},"excerpt":{"rendered":"<p>Informations conform\u00e9ment au \u00a7 5 de la loi allemande sur les m\u00e9dias \u00e9lectroniques (TMG) : Shakespeare and more C\/o Norbert Kr\u00fcger Triftstra\u00dfe 9 D-21075 Hamburg Contact : T\u00e9l\u00e9phone: T\u00e9l\u00e9phone : 004940\/3909252 E-Mail: me@norbert-krueger.com Responsable du contenu conform\u00e9ment \u00e0 l&#8217;article 55, paragraphe 2 du RStV (Trait\u00e9 d&#8217;\u00c9tat allemand sur la radiodiffusion) : Sandra et Marc Manther &hellip; <a href=\"https:\/\/manther.de\/fr\/mentions-legales\/\" class=\"more-link\">Continuer la lecture de <span class=\"screen-reader-text\">Mentions l\u00e9gales<\/span>  <span class=\"meta-nav\">&rarr;<\/span><\/a><\/p>\n","protected":false},"author":2,"featured_media":0,"parent":0,"menu_order":0,"comment_status":"closed","ping_status":"closed","template":"","meta":{"_FSMCFIC_featured_image_caption":"","_FSMCFIC_featured_image_nocaption":"","_FSMCFIC_featured_image_hide":"","footnotes":""},"class_list":["post-4","page","type-page","status-publish","hentry"],"translation":{"provider":"WPGlobus","version":"3.0.2","language":"fr","enabled_languages":["de","en","fr"],"languages":{"de":{"title":true,"content":true,"excerpt":false},"en":{"title":true,"content":true,"excerpt":false},"fr":{"title":true,"content":true,"excerpt":false}}},"yoast_head":"<!-- This site is optimized with the Yoast SEO Premium plugin v27.4 (Yoast SEO v27.4) - https:\/\/yoast.com\/product\/yoast-seo-premium-wordpress\/ -->\n<title>Mentions l\u00e9gales - manther<\/title>\n<meta name=\"robots\" content=\"index, follow, max-snippet:-1, max-image-preview:large, max-video-preview:-1\" \/>\n<link rel=\"canonical\" href=\"https:\/\/manther.de\/impressum\/\" \/>\n<meta property=\"og:locale\" content=\"fr_FR\" \/>\n<meta property=\"og:type\" content=\"article\" \/>\n<meta property=\"og:title\" content=\"Mentions l\u00e9gales - manther\" \/>\n<meta property=\"og:url\" content=\"https:\/\/manther.de\/impressum\/\" \/>\n<meta property=\"og:site_name\" content=\"manther\" \/>\n<meta property=\"article:publisher\" content=\"https:\/\/www.facebook.com\/mantherhh\/\" \/>\n<meta property=\"article:modified_time\" content=\"2026-04-07T19:27:12+00:00\" \/>\n<meta name=\"twitter:card\" content=\"summary_large_image\" \/>\n<meta name=\"twitter:site\" content=\"@Sandra_Manther\" \/>\n<meta name=\"twitter:label1\" content=\"Dur\u00e9e de lecture estim\u00e9e\" \/>\n\t<meta name=\"twitter:data1\" content=\"3 minutes\" \/>\n<script type=\"application\/ld+json\" class=\"yoast-schema-graph\">{\"@context\":\"https:\\\/\\\/schema.org\",\"@graph\":[{\"@type\":\"WebPage\",\"@id\":\"https:\\\/\\\/manther.de\\\/impressum\\\/\",\"url\":\"https:\\\/\\\/manther.de\\\/impressum\\\/\",\"name\":\"Mentions l\u00e9gales - manther\",\"isPartOf\":{\"@id\":\"https:\\\/\\\/manther.de\\\/#website\"},\"datePublished\":\"2015-10-01T08:35:07+00:00\",\"dateModified\":\"2026-04-07T19:27:12+00:00\",\"breadcrumb\":{\"@id\":\"https:\\\/\\\/manther.de\\\/impressum\\\/#breadcrumb\"},\"inLanguage\":\"fr-FR\",\"potentialAction\":[{\"@type\":\"ReadAction\",\"target\":[\"https:\\\/\\\/manther.de\\\/impressum\\\/\"]}]},{\"@type\":\"BreadcrumbList\",\"@id\":\"https:\\\/\\\/manther.de\\\/impressum\\\/#breadcrumb\",\"itemListElement\":[{\"@type\":\"ListItem\",\"position\":1,\"name\":\"Home\",\"item\":\"https:\\\/\\\/manther.de\\\/\"},{\"@type\":\"ListItem\",\"position\":2,\"name\":\"Impressum\"}]},{\"@type\":\"WebSite\",\"@id\":\"https:\\\/\\\/manther.de\\\/#website\",\"url\":\"https:\\\/\\\/manther.de\\\/\",\"name\":\"manther\",\"description\":\"le magazine de Creative Writing pour la litt\u00e9rature \u00e9rotique\",\"publisher\":{\"@id\":\"https:\\\/\\\/manther.de\\\/#\\\/schema\\\/person\\\/5d0a51ad8607f193a3e54080c7286894\"},\"potentialAction\":[{\"@type\":\"SearchAction\",\"target\":{\"@type\":\"EntryPoint\",\"urlTemplate\":\"https:\\\/\\\/manther.de\\\/?s={search_term_string}\"},\"query-input\":{\"@type\":\"PropertyValueSpecification\",\"valueRequired\":true,\"valueName\":\"search_term_string\"}}],\"inLanguage\":\"fr-FR\"},{\"@type\":[\"Person\",\"Organization\"],\"@id\":\"https:\\\/\\\/manther.de\\\/#\\\/schema\\\/person\\\/5d0a51ad8607f193a3e54080c7286894\",\"name\":\"Sandra Manther\",\"logo\":{\"@id\":\"https:\\\/\\\/manther.de\\\/#\\\/schema\\\/person\\\/image\\\/\"},\"description\":\"Geboren 1981 in Krefeld. Studierte Mediendesign an der hdpk Berlin. Der Liebe wegen ging sie nach Hamburg, wo sie heute als Webdesgnerin in einer bekannten Werbeagentur arbeitet. Sie lebt mit ihrem Mann Marc und den Katzen Mandu und Tharsis in einem Haus im Westen der Stadt.\",\"sameAs\":[\"https:\\\/\\\/www.facebook.com\\\/mantherhh\\\/\",\"https:\\\/\\\/www.pinterest.de\\\/sandramanther\\\/\",\"https:\\\/\\\/x.com\\\/Sandra_Manther\",\"https:\\\/\\\/www.tumblr.com\\\/gamma-xi-delta\"]}]}<\/script>\n<!-- \/ Yoast SEO Premium plugin. -->","yoast_head_json":{"title":"Mentions l\u00e9gales - manther","robots":{"index":"index","follow":"follow","max-snippet":"max-snippet:-1","max-image-preview":"max-image-preview:large","max-video-preview":"max-video-preview:-1"},"canonical":"https:\/\/manther.de\/impressum\/","og_locale":"fr_FR","og_type":"article","og_title":"Mentions l\u00e9gales - manther","og_url":"https:\/\/manther.de\/impressum\/","og_site_name":"manther","article_publisher":"https:\/\/www.facebook.com\/mantherhh\/","article_modified_time":"2026-04-07T19:27:12+00:00","twitter_card":"summary_large_image","twitter_site":"@Sandra_Manther","twitter_misc":{"Dur\u00e9e de lecture estim\u00e9e":"3 minutes"},"schema":{"@context":"https:\/\/schema.org","@graph":[{"@type":"WebPage","@id":"https:\/\/manther.de\/impressum\/","url":"https:\/\/manther.de\/impressum\/","name":"Mentions l\u00e9gales - manther","isPartOf":{"@id":"https:\/\/manther.de\/#website"},"datePublished":"2015-10-01T08:35:07+00:00","dateModified":"2026-04-07T19:27:12+00:00","breadcrumb":{"@id":"https:\/\/manther.de\/impressum\/#breadcrumb"},"inLanguage":"fr-FR","potentialAction":[{"@type":"ReadAction","target":["https:\/\/manther.de\/impressum\/"]}]},{"@type":"BreadcrumbList","@id":"https:\/\/manther.de\/impressum\/#breadcrumb","itemListElement":[{"@type":"ListItem","position":1,"name":"Home","item":"https:\/\/manther.de\/"},{"@type":"ListItem","position":2,"name":"Impressum"}]},{"@type":"WebSite","@id":"https:\/\/manther.de\/#website","url":"https:\/\/manther.de\/","name":"manther","description":"le magazine de Creative Writing pour la litt\u00e9rature \u00e9rotique","publisher":{"@id":"https:\/\/manther.de\/#\/schema\/person\/5d0a51ad8607f193a3e54080c7286894"},"potentialAction":[{"@type":"SearchAction","target":{"@type":"EntryPoint","urlTemplate":"https:\/\/manther.de\/?s={search_term_string}"},"query-input":{"@type":"PropertyValueSpecification","valueRequired":true,"valueName":"search_term_string"}}],"inLanguage":"fr-FR"},{"@type":["Person","Organization"],"@id":"https:\/\/manther.de\/#\/schema\/person\/5d0a51ad8607f193a3e54080c7286894","name":"Sandra Manther","logo":{"@id":"https:\/\/manther.de\/#\/schema\/person\/image\/"},"description":"Geboren 1981 in Krefeld. Studierte Mediendesign an der hdpk Berlin. Der Liebe wegen ging sie nach Hamburg, wo sie heute als Webdesgnerin in einer bekannten Werbeagentur arbeitet. Sie lebt mit ihrem Mann Marc und den Katzen Mandu und Tharsis in einem Haus im Westen der Stadt.","sameAs":["https:\/\/www.facebook.com\/mantherhh\/","https:\/\/www.pinterest.de\/sandramanther\/","https:\/\/x.com\/Sandra_Manther","https:\/\/www.tumblr.com\/gamma-xi-delta"]}]}},"_links":{"self":[{"href":"https:\/\/manther.de\/fr\/wp-json\/wp\/v2\/pages\/4","targetHints":{"allow":["GET"]}}],"collection":[{"href":"https:\/\/manther.de\/fr\/wp-json\/wp\/v2\/pages"}],"about":[{"href":"https:\/\/manther.de\/fr\/wp-json\/wp\/v2\/types\/page"}],"author":[{"embeddable":true,"href":"https:\/\/manther.de\/fr\/wp-json\/wp\/v2\/users\/2"}],"replies":[{"embeddable":true,"href":"https:\/\/manther.de\/fr\/wp-json\/wp\/v2\/comments?post=4"}],"version-history":[{"count":19,"href":"https:\/\/manther.de\/fr\/wp-json\/wp\/v2\/pages\/4\/revisions"}],"predecessor-version":[{"id":8801,"href":"https:\/\/manther.de\/fr\/wp-json\/wp\/v2\/pages\/4\/revisions\/8801"}],"wp:attachment":[{"href":"https:\/\/manther.de\/fr\/wp-json\/wp\/v2\/media?parent=4"}],"curies":[{"name":"wp","href":"https:\/\/api.w.org\/{rel}","templated":true}]}}