{"id":469,"date":"2016-07-01T16:46:22","date_gmt":"2016-07-01T16:46:22","guid":{"rendered":"http:\/\/manther.de\/?page_id=469"},"modified":"2026-03-02T00:10:46","modified_gmt":"2026-03-01T22:10:46","slug":"buecher-sandra-marc-manther","status":"publish","type":"page","link":"https:\/\/manther.de\/en\/our-books-sandra-marc-manther\/","title":{"rendered":"Our books"},"content":{"rendered":"\n<p><strong>We are currently in dispute with Amazon Kindle, which means that our books are not listed there. As a result, clicking on the links on this page will only bring up an error message from Amazon. We are working on the problem.<\/strong><\/p>\n\n\n\n<p><strong>However, if you wish, you can read a few of our texts on literotica.com that have not yet been published in English on Amazon. Here is the link:<\/strong><br><strong><a href=\"https:\/\/www.literotica.com\/authors\/sm_manther\/works\/stories\">https:\/\/www.literotica.com\/authors\/sm_manther\/works\/stories<\/a><\/strong><\/p>\n","protected":false},"excerpt":{"rendered":"<p>We are currently in dispute with Amazon Kindle, which means that our books are not listed there. As a result, clicking on the links on this page will only bring up an error message from Amazon. We are working on the problem. However, if you wish, you can read a few of our texts on &hellip; <a href=\"https:\/\/manther.de\/en\/our-books-sandra-marc-manther\/\" class=\"more-link\">Continue reading <span class=\"screen-reader-text\">Our books<\/span> <span class=\"meta-nav\">&rarr;<\/span><\/a><\/p>\n","protected":false},"author":1,"featured_media":0,"parent":0,"menu_order":0,"comment_status":"closed","ping_status":"closed","template":"","meta":{"_FSMCFIC_featured_image_caption":"","_FSMCFIC_featured_image_nocaption":"","_FSMCFIC_featured_image_hide":"","footnotes":""},"class_list":["post-469","page","type-page","status-publish","hentry"],"translation":{"provider":"WPGlobus","version":"3.0.2","language":"en","enabled_languages":["de","en","fr"],"languages":{"de":{"title":true,"content":true,"excerpt":false},"en":{"title":true,"content":true,"excerpt":false},"fr":{"title":true,"content":true,"excerpt":false}}},"yoast_head":"<!-- This site is optimized with the Yoast SEO Premium plugin v27.3 (Yoast SEO v27.3) - https:\/\/yoast.com\/product\/yoast-seo-premium-wordpress\/ -->\n<title>Our books - manther<\/title>\n<meta name=\"robots\" content=\"index, follow, max-snippet:-1, max-image-preview:large, max-video-preview:-1\" \/>\n<link rel=\"canonical\" href=\"https:\/\/manther.de\/buecher-sandra-marc-manther\/\" \/>\n<meta property=\"og:locale\" content=\"en_US\" \/>\n<meta property=\"og:type\" content=\"article\" \/>\n<meta property=\"og:title\" content=\"Our books - manther\" \/>\n<meta property=\"og:url\" content=\"https:\/\/manther.de\/buecher-sandra-marc-manther\/\" \/>\n<meta property=\"og:site_name\" content=\"manther\" \/>\n<meta property=\"article:publisher\" content=\"https:\/\/www.facebook.com\/mantherhh\/\" \/>\n<meta property=\"article:modified_time\" content=\"2026-03-01T22:10:46+00:00\" \/>\n<meta property=\"og:image\" content=\"https:\/\/manther.de\/wp-content\/uploads\/2025\/11\/ausgesetzt-klein.jpg\" \/>\n\t<meta property=\"og:image:width\" content=\"400\" \/>\n\t<meta property=\"og:image:height\" content=\"640\" \/>\n\t<meta property=\"og:image:type\" content=\"image\/jpeg\" \/>\n<meta name=\"twitter:card\" content=\"summary_large_image\" \/>\n<meta name=\"twitter:site\" content=\"@Sandra_Manther\" \/>\n<meta name=\"twitter:label1\" content=\"Est. reading time\" \/>\n\t<meta name=\"twitter:data1\" content=\"23 minutes\" \/>\n<script type=\"application\/ld+json\" class=\"yoast-schema-graph\">{\"@context\":\"https:\\\/\\\/schema.org\",\"@graph\":[{\"@type\":\"WebPage\",\"@id\":\"https:\\\/\\\/manther.de\\\/buecher-sandra-marc-manther\\\/\",\"url\":\"https:\\\/\\\/manther.de\\\/buecher-sandra-marc-manther\\\/\",\"name\":\"Our books - manther\",\"isPartOf\":{\"@id\":\"https:\\\/\\\/manther.de\\\/#website\"},\"primaryImageOfPage\":{\"@id\":\"https:\\\/\\\/manther.de\\\/buecher-sandra-marc-manther\\\/#primaryimage\"},\"image\":{\"@id\":\"https:\\\/\\\/manther.de\\\/buecher-sandra-marc-manther\\\/#primaryimage\"},\"thumbnailUrl\":\"https:\\\/\\\/manther.de\\\/wp-content\\\/uploads\\\/2025\\\/11\\\/ausgesetzt-klein.jpg\",\"datePublished\":\"2016-07-01T16:46:22+00:00\",\"dateModified\":\"2026-03-01T22:10:46+00:00\",\"description\":\"Eine Kurz\u00fcbersicht \u00fcber die B\u00fccher von Sandra und Marc Manther, mit den entsprechenden Links zu Katalog und Leseproben f\u00fcr die, die mehr erfahren wollen.\",\"breadcrumb\":{\"@id\":\"https:\\\/\\\/manther.de\\\/buecher-sandra-marc-manther\\\/#breadcrumb\"},\"inLanguage\":\"en-US\",\"potentialAction\":[{\"@type\":\"ReadAction\",\"target\":[\"https:\\\/\\\/manther.de\\\/buecher-sandra-marc-manther\\\/\"]}]},{\"@type\":\"ImageObject\",\"inLanguage\":\"en-US\",\"@id\":\"https:\\\/\\\/manther.de\\\/buecher-sandra-marc-manther\\\/#primaryimage\",\"url\":\"https:\\\/\\\/manther.de\\\/wp-content\\\/uploads\\\/2025\\\/11\\\/ausgesetzt-klein.jpg\",\"contentUrl\":\"https:\\\/\\\/manther.de\\\/wp-content\\\/uploads\\\/2025\\\/11\\\/ausgesetzt-klein.jpg\"},{\"@type\":\"BreadcrumbList\",\"@id\":\"https:\\\/\\\/manther.de\\\/buecher-sandra-marc-manther\\\/#breadcrumb\",\"itemListElement\":[{\"@type\":\"ListItem\",\"position\":1,\"name\":\"Home\",\"item\":\"https:\\\/\\\/manther.de\\\/\"},{\"@type\":\"ListItem\",\"position\":2,\"name\":\"Unsere B\u00fccher\"}]},{\"@type\":\"WebSite\",\"@id\":\"https:\\\/\\\/manther.de\\\/#website\",\"url\":\"https:\\\/\\\/manther.de\\\/\",\"name\":\"manther\",\"description\":\"the creative writing magazine for erotic literature\",\"publisher\":{\"@id\":\"https:\\\/\\\/manther.de\\\/#\\\/schema\\\/person\\\/5d0a51ad8607f193a3e54080c7286894\"},\"potentialAction\":[{\"@type\":\"SearchAction\",\"target\":{\"@type\":\"EntryPoint\",\"urlTemplate\":\"https:\\\/\\\/manther.de\\\/?s={search_term_string}\"},\"query-input\":{\"@type\":\"PropertyValueSpecification\",\"valueRequired\":true,\"valueName\":\"search_term_string\"}}],\"inLanguage\":\"en-US\"},{\"@type\":[\"Person\",\"Organization\"],\"@id\":\"https:\\\/\\\/manther.de\\\/#\\\/schema\\\/person\\\/5d0a51ad8607f193a3e54080c7286894\",\"name\":\"Sandra Manther\",\"logo\":{\"@id\":\"https:\\\/\\\/manther.de\\\/#\\\/schema\\\/person\\\/image\\\/\"},\"description\":\"Geboren 1981 in Krefeld. Studierte Mediendesign an der hdpk Berlin. Der Liebe wegen ging sie nach Hamburg, wo sie heute als Webdesgnerin in einer bekannten Werbeagentur arbeitet. Sie lebt mit ihrem Mann Marc und den Katzen Mandu und Tharsis in einem Haus im Westen der Stadt.\",\"sameAs\":[\"https:\\\/\\\/www.facebook.com\\\/mantherhh\\\/\",\"https:\\\/\\\/www.pinterest.de\\\/sandramanther\\\/\",\"https:\\\/\\\/x.com\\\/Sandra_Manther\",\"https:\\\/\\\/www.tumblr.com\\\/gamma-xi-delta\"]}]}<\/script>\n<!-- \/ Yoast SEO Premium plugin. -->","yoast_head_json":{"title":"Our books - manther","robots":{"index":"index","follow":"follow","max-snippet":"max-snippet:-1","max-image-preview":"max-image-preview:large","max-video-preview":"max-video-preview:-1"},"canonical":"https:\/\/manther.de\/buecher-sandra-marc-manther\/","og_locale":"en_US","og_type":"article","og_title":"Our books - manther","og_url":"https:\/\/manther.de\/buecher-sandra-marc-manther\/","og_site_name":"manther","article_publisher":"https:\/\/www.facebook.com\/mantherhh\/","article_modified_time":"2026-03-01T22:10:46+00:00","og_image":[{"width":400,"height":640,"url":"https:\/\/manther.de\/wp-content\/uploads\/2025\/11\/ausgesetzt-klein.jpg","type":"image\/jpeg"}],"twitter_card":"summary_large_image","twitter_site":"@Sandra_Manther","twitter_misc":{"Est. reading time":"23 minutes"},"schema":{"@context":"https:\/\/schema.org","@graph":[{"@type":"WebPage","@id":"https:\/\/manther.de\/buecher-sandra-marc-manther\/","url":"https:\/\/manther.de\/buecher-sandra-marc-manther\/","name":"Our books - manther","isPartOf":{"@id":"https:\/\/manther.de\/#website"},"primaryImageOfPage":{"@id":"https:\/\/manther.de\/buecher-sandra-marc-manther\/#primaryimage"},"image":{"@id":"https:\/\/manther.de\/buecher-sandra-marc-manther\/#primaryimage"},"thumbnailUrl":"https:\/\/manther.de\/wp-content\/uploads\/2025\/11\/ausgesetzt-klein.jpg","datePublished":"2016-07-01T16:46:22+00:00","dateModified":"2026-03-01T22:10:46+00:00","description":"Eine Kurz\u00fcbersicht \u00fcber die B\u00fccher von Sandra und Marc Manther, mit den entsprechenden Links zu Katalog und Leseproben f\u00fcr die, die mehr erfahren wollen.","breadcrumb":{"@id":"https:\/\/manther.de\/buecher-sandra-marc-manther\/#breadcrumb"},"inLanguage":"en-US","potentialAction":[{"@type":"ReadAction","target":["https:\/\/manther.de\/buecher-sandra-marc-manther\/"]}]},{"@type":"ImageObject","inLanguage":"en-US","@id":"https:\/\/manther.de\/buecher-sandra-marc-manther\/#primaryimage","url":"https:\/\/manther.de\/wp-content\/uploads\/2025\/11\/ausgesetzt-klein.jpg","contentUrl":"https:\/\/manther.de\/wp-content\/uploads\/2025\/11\/ausgesetzt-klein.jpg"},{"@type":"BreadcrumbList","@id":"https:\/\/manther.de\/buecher-sandra-marc-manther\/#breadcrumb","itemListElement":[{"@type":"ListItem","position":1,"name":"Home","item":"https:\/\/manther.de\/"},{"@type":"ListItem","position":2,"name":"Unsere B\u00fccher"}]},{"@type":"WebSite","@id":"https:\/\/manther.de\/#website","url":"https:\/\/manther.de\/","name":"manther","description":"the creative writing magazine for erotic literature","publisher":{"@id":"https:\/\/manther.de\/#\/schema\/person\/5d0a51ad8607f193a3e54080c7286894"},"potentialAction":[{"@type":"SearchAction","target":{"@type":"EntryPoint","urlTemplate":"https:\/\/manther.de\/?s={search_term_string}"},"query-input":{"@type":"PropertyValueSpecification","valueRequired":true,"valueName":"search_term_string"}}],"inLanguage":"en-US"},{"@type":["Person","Organization"],"@id":"https:\/\/manther.de\/#\/schema\/person\/5d0a51ad8607f193a3e54080c7286894","name":"Sandra Manther","logo":{"@id":"https:\/\/manther.de\/#\/schema\/person\/image\/"},"description":"Geboren 1981 in Krefeld. Studierte Mediendesign an der hdpk Berlin. Der Liebe wegen ging sie nach Hamburg, wo sie heute als Webdesgnerin in einer bekannten Werbeagentur arbeitet. Sie lebt mit ihrem Mann Marc und den Katzen Mandu und Tharsis in einem Haus im Westen der Stadt.","sameAs":["https:\/\/www.facebook.com\/mantherhh\/","https:\/\/www.pinterest.de\/sandramanther\/","https:\/\/x.com\/Sandra_Manther","https:\/\/www.tumblr.com\/gamma-xi-delta"]}]}},"_links":{"self":[{"href":"https:\/\/manther.de\/en\/wp-json\/wp\/v2\/pages\/469","targetHints":{"allow":["GET"]}}],"collection":[{"href":"https:\/\/manther.de\/en\/wp-json\/wp\/v2\/pages"}],"about":[{"href":"https:\/\/manther.de\/en\/wp-json\/wp\/v2\/types\/page"}],"author":[{"embeddable":true,"href":"https:\/\/manther.de\/en\/wp-json\/wp\/v2\/users\/1"}],"replies":[{"embeddable":true,"href":"https:\/\/manther.de\/en\/wp-json\/wp\/v2\/comments?post=469"}],"version-history":[{"count":111,"href":"https:\/\/manther.de\/en\/wp-json\/wp\/v2\/pages\/469\/revisions"}],"predecessor-version":[{"id":8731,"href":"https:\/\/manther.de\/en\/wp-json\/wp\/v2\/pages\/469\/revisions\/8731"}],"wp:attachment":[{"href":"https:\/\/manther.de\/en\/wp-json\/wp\/v2\/media?parent=469"}],"curies":[{"name":"wp","href":"https:\/\/api.w.org\/{rel}","templated":true}]}}